{"id":2067,"date":"2023-08-13T09:39:07","date_gmt":"2023-08-13T09:39:07","guid":{"rendered":"https:\/\/theqfather.com\/cancion-por-cancion\/"},"modified":"2023-08-16T13:28:25","modified_gmt":"2023-08-16T13:28:25","slug":"cancion-por-cancion","status":"publish","type":"page","link":"https:\/\/theqfather.com\/en\/cancion-por-cancion\/","title":{"rendered":"Song by song"},"content":{"rendered":"<div class=\"wpb-content-wrapper\"><p>[vc_row iron_row_type=&#8221;in_container&#8221; iron_remove_padding_medium=&#8221;&#8221; iron_remove_padding_small=&#8221;&#8221; iron_overlay_pattern=&#8221;&#8221; iron_parallax=&#8221;&#8221; iron_bg_video=&#8221;&#8221;][vc_column][vc_column_text]<\/p>\n<p style=\"color: #252525;\">All the instruments were played, produced, or edited by whoever wrote these lines, except for the wonderful voice in &#8220;Ni\u00f1ar\u00e1&#8221; and the guitar solo in &#8220;Viaja!&#8221;. I have worked on the songs in the same way that a book is written: taking care of every little sound in order to tell a story.<\/p>\n<p style=\"text-align: left;\"><em>The Q Father.<\/em><\/p>\n<p>[\/vc_column_text][vc_empty_space][\/vc_column][\/vc_row][vc_row iron_row_type=&#8221;in_container&#8221; iron_remove_padding_medium=&#8221;&#8221; iron_remove_padding_small=&#8221;&#8221; iron_overlay_pattern=&#8221;&#8221; iron_parallax=&#8221;&#8221; iron_bg_video=&#8221;&#8221;][vc_column][vc_column_text]<\/p>\n<blockquote>\n<h2>#01<br \/>\nYou&#8217;ll know<\/h2>\n<p>Although it is instrumental, I originally composed a song with lyrics that read:<\/p>\n<p>&nbsp;<\/p>\n<p><em>&#8220;You&#8217;ll know,<\/em><br style=\"color: #252525;\" \/><em>One day, you will know.<\/em><br style=\"color: #252525;\" \/><em>waking up<\/em><br style=\"color: #252525;\" \/><em>You will know.&#8221;<\/em><\/p>\n<p>&nbsp;<\/p>\n<p>Imagine this letter while the melody is playing. It&#8217;s a song I made to put my daughter to sleep. A dream that awaits the desire to grow and learn.<\/p><\/blockquote>\n<blockquote>\n<h2>#02<br \/>\nA Little Hug<\/h2>\n<p>I made this song for the future. To say that the doors of love open with just a little hug. That can be forgiven, that can be accepted, that we can surrender, and that we can remember, all with a little hug.<br style=\"color: #252525;\" \/>The full lyric is:<\/p>\n<p>&nbsp;<\/p>\n<p><em>With just a little hug \/ Con s\u00f3lo un peque\u00f1o abrazo<\/em><br \/>\n<em>will you remember \/ recordar\u00e1s<\/em><br \/>\n<em>with just a little hug \/ con s\u00f3lo un peque\u00f1o abrazo<\/em><br \/>\n<em>you will surrender \/ te rendir\u00e1s.<\/em><\/p>\n<p>&nbsp;<\/p>\n<p><em>With just a little hug \/ Con s\u00f3lo un peque\u00f1o abrazo<\/em><br \/>\n<em>to be forgiven \/ para ser perdonado\/a<\/em><br \/>\n<em>with just a little hug \/ con s\u00f3lo un peque\u00f1o abrazo<\/em><br \/>\n<em>to keep believing \/ para seguir creyendo.<\/em><\/p>\n<p>&nbsp;<\/p>\n<p><em>With just a little hug \/ Con s\u00f3lo un peque\u00f1o abrazo<\/em><br \/>\n<em>to last forever \/ que dure para siempre<\/em><br \/>\n<em>with just a little hug \/ con s\u00f3lo un peque\u00f1o abrazo<\/em><br \/>\n<em>to be together \/ para estar juntos.<\/em><\/p>\n<p>&nbsp;<\/p>\n<p><em>With just a little hug \/ Con s\u00f3lo un peque\u00f1o abrazo<\/em><br \/>\n<em>(that) you give whoever \/ que des a cualquiera<\/em><br \/>\n<em>with just a little hug \/ con s\u00f3lo un peque\u00f1o abrazo<\/em><br \/>\n<em>(that) you give wherever \/ que des en cualquier lugar.<\/em><\/p>\n<p>&nbsp;<\/p>\n<p><em>With just a little hug \/ Con s\u00f3lo un peque\u00f1o abrazo<\/em><br \/>\n<em>you will remember \/ recordar\u00e1s<\/em><br \/>\n<em>with just a little hug \/ con s\u00f3lo un peque\u00f1o abrazo<\/em><br \/>\n<em>(that) I gave you forever \/ que te d\u00ed para siempre.<\/em><\/p>\n<p>&nbsp;<\/p>\n<p><em>With just a little hug \/ Con s\u00f3lo un peque\u00f1o abrazo<\/em><br \/>\n<em>you will surrender \/ te rendir\u00e1s<\/em><br \/>\n<em>with just a little hug \/ con s\u00f3lo un peque\u00f1o abrazo<\/em><br \/>\n<em>you will remember me. \/ te acordar\u00e1s, de mi.<\/em><\/p><\/blockquote>\n<blockquote>\n<h2>#03<br \/>\nI Love You<\/h2>\n<p>A bolero air that becomes a song. A simple and direct declaration of love with an ending where the orchestration embraces.<\/p><\/blockquote>\n<blockquote>\n<h2>#04<br \/>\nPray in silence<\/h2>\n<p>A mystical guitar advances respectfully among the silence, at a pace of reflection and union.<\/p><\/blockquote>\n<blockquote>\n<h2>#05<br \/>\nNi\u00f1ar\u00e1<\/h2>\n<p>I composed this song at a time when my daughter was leaving and I wouldn&#8217;t see her for a week. The house was silent, and my heart sank. <br style=\"color: #252525;\" \/>The lyric says (in spanish):<\/p>\n<p>&nbsp;<\/p>\n<p><em>Ni\u00f1a, ni\u00f1a \/ Girl girl<\/em><br \/>\n<em>Ay que bonita que es mi ni\u00f1a \/ Oh, how beautiful my girl is!<\/em><br \/>\n<em>Que se la pasa so\u00f1ando \/ That she spends her time singing<\/em><br \/>\n<em>Que viene un pr\u00edncipe a buscarla \/ That a prince comes to look for her<\/em><br \/>\n<em>a su balc\u00f3n. \/ to her balcony.<\/em><\/p>\n<p>&nbsp;<\/p>\n<p><em>Que se la pasa so\u00f1ando \/ that she spends her time dreaming<\/em><br \/>\n<em>con un principe en su balc\u00f3n. \/ with a prince on her balcony.<\/em><\/p>\n<p>&nbsp;<\/p>\n<p><em>Ni\u00f1a, ni\u00f1a \/ Girl girl<\/em><br \/>\n<em>Ay que bonita que es mi ni\u00f1a. \/ Oh, how beautiful my girl is!<\/em><br \/>\n<em>Que se la pasa cantando \/ That she spends her time singing<\/em><br \/>\n<em>todas las cosas que le dice el coraz\u00f3n\/ all the things she says to him the heart.<\/em><\/p>\n<p>&nbsp;<\/p>\n<p><em>Que se la pasa cantando \/ That she spends her time singing<\/em><br \/>\n<em>lo que dice el coraz\u00f3n. \/ What the heart says<\/em><\/p>\n<p>&nbsp;<\/p>\n<p><em>CHORUS<\/em><br \/>\n<em>Y cuando ella no est\u00e1 \/ And when she&#8217;s not around,<\/em><br \/>\n<em>todo se queda vac\u00edo \/ Everything remains empty.<\/em><br \/>\n<em>Ay que penita mi ni\u00f1a \/ Oh, what a pity, my girl.<\/em><br \/>\n<em>cuando no est\u00e1s yo solo canto esta canci\u00f3n. \/ When you&#8217;re not around, I sing this song alone.<\/em><\/p>\n<p>&nbsp;<\/p>\n<p><em>Ay que penita mi ni\u00f1a \/ Oh, what a pity, my girl.<\/em><br \/>\n<em>yo te canto esta canci\u00f3n. \/ I sang you this song.<\/em><\/p>\n<p>&nbsp;<\/p>\n<p><em>Ni\u00f1a, Ni\u00f1ar\u00e1 \/ girl, Ni\u00f1ar\u00e1<\/em><br \/>\n<em>Ni\u00f1a, Ni\u00f1ar\u00e1 \/ girl, Ni\u00f1ar\u00e1<\/em><br \/>\n<em>Ni\u00f1a, Ni\u00f1ar\u00e1 \/ girl, Ni\u00f1ar\u00e1<\/em><br \/>\n<em>Ni\u00f1a, Ni\u00f1a \/ girl, girl.<\/em><\/p>\n<p>&nbsp;<\/p>\n<p><em>Y cuando ella no est\u00e1 \/ And when she&#8217;s not around,<\/em><br \/>\n<em>todo se queda vac\u00edo \/ Everything remains empty.<\/em><br \/>\n<em>Ay que penita mi ni\u00f1a \/ Oh, what a pity, my girl.<\/em><br \/>\n<em>cuando no est\u00e1s yo solo canto esta canci\u00f3n. \/ When you&#8217;re not around, I sing this song alone.<\/em><br \/>\n<em>Ay que penita mi ni\u00f1a \/ Oh, what a pity, my girl.<\/em><br \/>\n<em>Yo te canto esta canci\u00f3n. \/ I sang you this song.<\/em><\/p>\n<p>&nbsp;<\/p>\n<p><em>Ay que penita mi ni\u00f1a \/ Oh, what a pity, my girl.<\/em><br \/>\n<em>Yo te canto esta canci\u00f3n. \/ I sang you this song.<\/em><\/p><\/blockquote>\n<blockquote>\n<h2>#06<br \/>\nLove, no matter what<\/h2>\n<p>The delicate and fragile sensation of love that escapes ethereally from between the hands. The incredible and sometimes painful union of two souls that dance in the air. Is the dance of those who have stopped thinking to begin to contemplate each other in silence.<\/p><\/blockquote>\n<blockquote>\n<h2>#07<br \/>\nWe will meet again.<\/h2>\n<p>It&#8217;s a song that has two people.<\/p>\n<p>&nbsp;<\/p>\n<p>The first person says:<\/p>\n<p>&nbsp;<\/p>\n<p><em>I had a feeling \/ Tuve una sensaci\u00f3n<\/em><br \/>\n<em>You back tomorrow \/ que vuelves ma\u00f1ana<\/em><br \/>\n<em>I had a feeling \/ tuve una sensaci\u00f3n<\/em><br \/>\n<em>You back today \/ que vuelves hoy<\/em><br \/>\n<em>I had a feeling \/ Tuve una sensaci\u00f3n<\/em><br \/>\n<em>There is no sorrow \/ No hay pena<\/em><br \/>\n<em>I had this feeling \/ Tuve este sentimiento<\/em><br \/>\n<em>Is you and me. \/ Somos tu y yo<\/em><\/p>\n<p>&nbsp;<\/p>\n<p>The second person, from far away, answers:<\/p>\n<p>&nbsp;<\/p>\n<p><em>I had a &#8216;dreaming&#8217; \/ Tuve un sue\u00f1o<\/em><br \/>\n<em>I need to follow \/ que necesito seguir<\/em><br \/>\n<em>I had a &#8216;dreaming&#8217; \/ Tuve un sue\u00f1o<\/em><br \/>\n<em>I back today \/ Vuelvo hoy<\/em><br \/>\n<em>I had a &#8216;dreaming&#8217; \/ Tuve un sue\u00f1o<\/em><br \/>\n<em>There is no sorrow \/ No hay pena<\/em><br \/>\n<em>I had this &#8216;dreaming&#8217; \/ Tuve este sue\u00f1o<\/em><br \/>\n<em>Is you and me. \/ Somos tu y yo<\/em><\/p>\n<p>&nbsp;<\/p>\n<p>Finally, both people say:<\/p>\n<p>&nbsp;<\/p>\n<p><em>We have this feeling \/ Tenemos este sentimiento<\/em><br \/>\n<em>We&#8217;ll back tomorrow \/ Volvemos ma\u00f1ana<\/em><br \/>\n<em>We have this &#8216;dreaming&#8217; \/ Tenemos este sue\u00f1o<\/em><br \/>\n<em>We&#8217;ll back today \/ Volvemos hoy<\/em><\/p>\n<p>&nbsp;<\/p>\n<p><em>We have this feeling \/ Tenemos este sentimiento<\/em><br \/>\n<em>There is no sorrow \/ No hay pena<\/em><br \/>\n<em>We have this &#8216;dreaming&#8217; \/ Tenemos este sue\u00f1o<\/em><br \/>\n<em>We&#8217;ll meet again \/ Nos veremos otra vez.<\/em><\/p>\n<p>&nbsp;<\/p>\n<p><em>We have this feeling \/ Tenemos este sentimiento<\/em><br \/>\n<em>There is no sorrow \/ No hay pena<\/em><br \/>\n<em>We have this feeling \/ Tenemos este sentimiento<\/em><br \/>\n<em>We have this feeling \/ Tenemos este sentimiento<\/em><br \/>\n<em>We have this feeling \/ Tenemos este sentimiento<\/em><br \/>\n<em>We&#8217;ll meet again \/ Nos veremos otra vez.<\/em><\/p>\n<p>&nbsp;<\/p>\n<p>It&#8217;s a song that talks about coming back. Even when the return is no longer possible, we dream with a promise that helps us continue: we will meet again.<\/p><\/blockquote>\n<blockquote>\n<h2>#08<br \/>\nTo my mother<\/h2>\n<p style=\"color: #252525;\">It took me a long time to compose this work. It&#8217;s hard to sum up a mother in one song.<br style=\"color: #252525;\" \/>The first part talks about a unique sweetness restarting over and over again until, in a moment, it grows and shines. Then it follows; it flies over, protective, careful, and heavenly. It\/she always maintains the rhythmic pulse that never stops, except at the end where the steps slow down to finally light up with a brilliant and unique sun that becomes air and an eternal presence.<\/p>\n<\/blockquote>\n<blockquote>\n<h2>#09<br \/>\nTravel!<\/h2>\n<p style=\"color: #252525;\">It is music to travel the world, and that accompanies discovering new faces, new cultures, and new landscapes. He has the calm step of one who is not in a hurry. In the middle, there is a solo of melodies that go from one side to another, as does the passion for adventure.<\/p>\n<\/blockquote>\n<blockquote>\n<h2>#10<br \/>\nAt peace with yourself.<\/h2>\n<p style=\"color: #252525;\">Agree and be at peace. Even after being right or after asking for forgiveness. Sitting on a bench and letting life flow unfailingly while the melodies continue in a pulse that remains clean and coherent.<\/p>\n<\/blockquote>\n<blockquote>\n<h2>#11<br \/>\n(Epilogue) Live.<\/h2>\n<p>It is a summary. It is both the end and the starting point. It is the union of what was before and what follows. It is like walking through a house full of memories and voices before closing the door.<\/p><\/blockquote>\n<p>[\/vc_column_text][\/vc_column][\/vc_row][vc_row iron_row_type=&#8221;in_container&#8221; iron_remove_padding_medium=&#8221;&#8221; iron_remove_padding_small=&#8221;&#8221; iron_overlay_pattern=&#8221;&#8221; iron_parallax=&#8221;&#8221; iron_bg_video=&#8221;&#8221;][vc_column][vc_single_image image=&#8221;1310&#8243; img_size=&#8221;medium&#8221; alignment=&#8221;center&#8221; img_fullwidth=&#8221;0&#8243;][\/vc_column][\/vc_row]<\/p>\n<\/div>","protected":false},"excerpt":{"rendered":"<p>[vc_row iron_row_type=&#8221;in_container&#8221; iron_remove_padding_medium=&#8221;&#8221; iron_remove_padding_small=&#8221;&#8221; iron_overlay_pattern=&#8221;&#8221; iron_parallax=&#8221;&#8221; iron_bg_video=&#8221;&#8221;][vc_column][vc_column_text] All the instruments were played, produced, or edited by whoever wrote these lines, except for the wonderful voice in &#8220;Ni\u00f1ar\u00e1&#8221; and the guitar solo in &#8220;Viaja!&#8221;. I have worked on the songs in the same way that a book is written: taking care of every little sound in order to tell a story. The Q Father. [\/vc_column_text][vc_empty_space][\/vc_column][\/vc_row][vc_row iron_row_type=&#8221;in_container&#8221; iron_remove_padding_medium=&#8221;&#8221; iron_remove_padding_small=&#8221;&#8221; iron_overlay_pattern=&#8221;&#8221; iron_parallax=&#8221;&#8221; iron_bg_video=&#8221;&#8221;][vc_column][vc_column_text] #01 You&#8217;ll know Although it is instrumental, I originally composed [&hellip;]<\/p>\n","protected":false},"author":1,"featured_media":0,"parent":0,"menu_order":0,"comment_status":"closed","ping_status":"closed","template":"","meta":{"footnotes":""},"yoast_head":"<!-- This site is optimized with the Yoast SEO plugin v22.3 - https:\/\/yoast.com\/wordpress\/plugins\/seo\/ -->\n<title>Song by song - The Q Father.<\/title>\n<meta name=\"robots\" content=\"index, follow, max-snippet:-1, max-image-preview:large, max-video-preview:-1\" \/>\n<link rel=\"canonical\" href=\"https:\/\/theqfather.com\/en\/cancion-por-cancion\/\" \/>\n<meta property=\"og:locale\" content=\"en_US\" \/>\n<meta property=\"og:type\" content=\"article\" \/>\n<meta property=\"og:title\" content=\"Song by song - The Q Father.\" \/>\n<meta property=\"og:description\" content=\"[vc_row iron_row_type=&#8221;in_container&#8221; iron_remove_padding_medium=&#8221;&#8221; iron_remove_padding_small=&#8221;&#8221; iron_overlay_pattern=&#8221;&#8221; iron_parallax=&#8221;&#8221; iron_bg_video=&#8221;&#8221;][vc_column][vc_column_text] All the instruments were played, produced, or edited by whoever wrote these lines, except for the wonderful voice in &#8220;Ni\u00f1ar\u00e1&#8221; and the guitar solo in &#8220;Viaja!&#8221;. I have worked on the songs in the same way that a book is written: taking care of every little sound in order to tell a story. The Q Father. [\/vc_column_text][vc_empty_space][\/vc_column][\/vc_row][vc_row iron_row_type=&#8221;in_container&#8221; iron_remove_padding_medium=&#8221;&#8221; iron_remove_padding_small=&#8221;&#8221; iron_overlay_pattern=&#8221;&#8221; iron_parallax=&#8221;&#8221; iron_bg_video=&#8221;&#8221;][vc_column][vc_column_text] #01 You&#8217;ll know Although it is instrumental, I originally composed [&hellip;]\" \/>\n<meta property=\"og:url\" content=\"https:\/\/theqfather.com\/en\/cancion-por-cancion\/\" \/>\n<meta property=\"og:site_name\" content=\"The Q Father.\" \/>\n<meta property=\"article:modified_time\" content=\"2023-08-16T13:28:25+00:00\" \/>\n<meta name=\"twitter:card\" content=\"summary_large_image\" \/>\n<meta name=\"twitter:label1\" content=\"Est. reading time\" \/>\n\t<meta name=\"twitter:data1\" content=\"1 minute\" \/>\n<script type=\"application\/ld+json\" class=\"yoast-schema-graph\">{\"@context\":\"https:\/\/schema.org\",\"@graph\":[{\"@type\":\"WebPage\",\"@id\":\"https:\/\/theqfather.com\/en\/cancion-por-cancion\/\",\"url\":\"https:\/\/theqfather.com\/en\/cancion-por-cancion\/\",\"name\":\"Song by song - The Q Father.\",\"isPartOf\":{\"@id\":\"https:\/\/theqfather.com\/#website\"},\"datePublished\":\"2023-08-13T09:39:07+00:00\",\"dateModified\":\"2023-08-16T13:28:25+00:00\",\"breadcrumb\":{\"@id\":\"https:\/\/theqfather.com\/en\/cancion-por-cancion\/#breadcrumb\"},\"inLanguage\":\"en-US\",\"potentialAction\":[{\"@type\":\"ReadAction\",\"target\":[\"https:\/\/theqfather.com\/en\/cancion-por-cancion\/\"]}]},{\"@type\":\"BreadcrumbList\",\"@id\":\"https:\/\/theqfather.com\/en\/cancion-por-cancion\/#breadcrumb\",\"itemListElement\":[{\"@type\":\"ListItem\",\"position\":1,\"name\":\"Portada\",\"item\":\"https:\/\/theqfather.com\/en\/\"},{\"@type\":\"ListItem\",\"position\":2,\"name\":\"Song by song\"}]},{\"@type\":\"WebSite\",\"@id\":\"https:\/\/theqfather.com\/#website\",\"url\":\"https:\/\/theqfather.com\/\",\"name\":\"The Q Father.\",\"description\":\"An anonymous father recorded a great album.\",\"publisher\":{\"@id\":\"https:\/\/theqfather.com\/#\/schema\/person\/09573c02c8c1d05d2cc95eb69fd2a9de\"},\"alternateName\":\"The Q Father.\",\"potentialAction\":[{\"@type\":\"SearchAction\",\"target\":{\"@type\":\"EntryPoint\",\"urlTemplate\":\"https:\/\/theqfather.com\/?s={search_term_string}\"},\"query-input\":\"required name=search_term_string\"}],\"inLanguage\":\"en-US\"},{\"@type\":[\"Person\",\"Organization\"],\"@id\":\"https:\/\/theqfather.com\/#\/schema\/person\/09573c02c8c1d05d2cc95eb69fd2a9de\",\"name\":\"theqfather\",\"image\":{\"@type\":\"ImageObject\",\"inLanguage\":\"en-US\",\"@id\":\"https:\/\/theqfather.com\/#\/schema\/person\/image\/\",\"url\":\"https:\/\/theqfather.com\/wp-content\/uploads\/2016\/05\/Tapa2.png\",\"contentUrl\":\"https:\/\/theqfather.com\/wp-content\/uploads\/2016\/05\/Tapa2.png\",\"width\":777,\"height\":777,\"caption\":\"theqfather\"},\"logo\":{\"@id\":\"https:\/\/theqfather.com\/#\/schema\/person\/image\/\"},\"sameAs\":[\"http:\/\/theqfather.com\"]}]}<\/script>\n<!-- \/ Yoast SEO plugin. -->","yoast_head_json":{"title":"Song by song - The Q Father.","robots":{"index":"index","follow":"follow","max-snippet":"max-snippet:-1","max-image-preview":"max-image-preview:large","max-video-preview":"max-video-preview:-1"},"canonical":"https:\/\/theqfather.com\/en\/cancion-por-cancion\/","og_locale":"en_US","og_type":"article","og_title":"Song by song - The Q Father.","og_description":"[vc_row iron_row_type=&#8221;in_container&#8221; iron_remove_padding_medium=&#8221;&#8221; iron_remove_padding_small=&#8221;&#8221; iron_overlay_pattern=&#8221;&#8221; iron_parallax=&#8221;&#8221; iron_bg_video=&#8221;&#8221;][vc_column][vc_column_text] All the instruments were played, produced, or edited by whoever wrote these lines, except for the wonderful voice in &#8220;Ni\u00f1ar\u00e1&#8221; and the guitar solo in &#8220;Viaja!&#8221;. I have worked on the songs in the same way that a book is written: taking care of every little sound in order to tell a story. The Q Father. [\/vc_column_text][vc_empty_space][\/vc_column][\/vc_row][vc_row iron_row_type=&#8221;in_container&#8221; iron_remove_padding_medium=&#8221;&#8221; iron_remove_padding_small=&#8221;&#8221; iron_overlay_pattern=&#8221;&#8221; iron_parallax=&#8221;&#8221; iron_bg_video=&#8221;&#8221;][vc_column][vc_column_text] #01 You&#8217;ll know Although it is instrumental, I originally composed [&hellip;]","og_url":"https:\/\/theqfather.com\/en\/cancion-por-cancion\/","og_site_name":"The Q Father.","article_modified_time":"2023-08-16T13:28:25+00:00","twitter_card":"summary_large_image","twitter_misc":{"Est. reading time":"1 minute"},"schema":{"@context":"https:\/\/schema.org","@graph":[{"@type":"WebPage","@id":"https:\/\/theqfather.com\/en\/cancion-por-cancion\/","url":"https:\/\/theqfather.com\/en\/cancion-por-cancion\/","name":"Song by song - The Q Father.","isPartOf":{"@id":"https:\/\/theqfather.com\/#website"},"datePublished":"2023-08-13T09:39:07+00:00","dateModified":"2023-08-16T13:28:25+00:00","breadcrumb":{"@id":"https:\/\/theqfather.com\/en\/cancion-por-cancion\/#breadcrumb"},"inLanguage":"en-US","potentialAction":[{"@type":"ReadAction","target":["https:\/\/theqfather.com\/en\/cancion-por-cancion\/"]}]},{"@type":"BreadcrumbList","@id":"https:\/\/theqfather.com\/en\/cancion-por-cancion\/#breadcrumb","itemListElement":[{"@type":"ListItem","position":1,"name":"Portada","item":"https:\/\/theqfather.com\/en\/"},{"@type":"ListItem","position":2,"name":"Song by song"}]},{"@type":"WebSite","@id":"https:\/\/theqfather.com\/#website","url":"https:\/\/theqfather.com\/","name":"The Q Father.","description":"An anonymous father recorded a great album.","publisher":{"@id":"https:\/\/theqfather.com\/#\/schema\/person\/09573c02c8c1d05d2cc95eb69fd2a9de"},"alternateName":"The Q Father.","potentialAction":[{"@type":"SearchAction","target":{"@type":"EntryPoint","urlTemplate":"https:\/\/theqfather.com\/?s={search_term_string}"},"query-input":"required name=search_term_string"}],"inLanguage":"en-US"},{"@type":["Person","Organization"],"@id":"https:\/\/theqfather.com\/#\/schema\/person\/09573c02c8c1d05d2cc95eb69fd2a9de","name":"theqfather","image":{"@type":"ImageObject","inLanguage":"en-US","@id":"https:\/\/theqfather.com\/#\/schema\/person\/image\/","url":"https:\/\/theqfather.com\/wp-content\/uploads\/2016\/05\/Tapa2.png","contentUrl":"https:\/\/theqfather.com\/wp-content\/uploads\/2016\/05\/Tapa2.png","width":777,"height":777,"caption":"theqfather"},"logo":{"@id":"https:\/\/theqfather.com\/#\/schema\/person\/image\/"},"sameAs":["http:\/\/theqfather.com"]}]}},"_links":{"self":[{"href":"https:\/\/theqfather.com\/en\/wp-json\/wp\/v2\/pages\/2067"}],"collection":[{"href":"https:\/\/theqfather.com\/en\/wp-json\/wp\/v2\/pages"}],"about":[{"href":"https:\/\/theqfather.com\/en\/wp-json\/wp\/v2\/types\/page"}],"author":[{"embeddable":true,"href":"https:\/\/theqfather.com\/en\/wp-json\/wp\/v2\/users\/1"}],"replies":[{"embeddable":true,"href":"https:\/\/theqfather.com\/en\/wp-json\/wp\/v2\/comments?post=2067"}],"version-history":[{"count":5,"href":"https:\/\/theqfather.com\/en\/wp-json\/wp\/v2\/pages\/2067\/revisions"}],"predecessor-version":[{"id":2093,"href":"https:\/\/theqfather.com\/en\/wp-json\/wp\/v2\/pages\/2067\/revisions\/2093"}],"wp:attachment":[{"href":"https:\/\/theqfather.com\/en\/wp-json\/wp\/v2\/media?parent=2067"}],"curies":[{"name":"wp","href":"https:\/\/api.w.org\/{rel}","templated":true}]}}